


























{"id":3344,"date":"2026-01-20T22:12:26","date_gmt":"2026-01-20T21:12:26","guid":{"rendered":"https:\/\/haminehappy.fr\/?page_id=3344"},"modified":"2026-03-05T15:47:17","modified_gmt":"2026-03-05T14:47:17","slug":"contact","status":"publish","type":"page","link":"https:\/\/haminehappy.fr\/index.php\/contact\/","title":{"rendered":"Contact"},"content":{"rendered":"\t\t<div data-elementor-type=\"wp-page\" data-elementor-id=\"3344\" class=\"elementor elementor-3344\">\n\t\t\t\t<div class=\"elementor-element elementor-element-16dedb0 e-con-full e-flex wpr-particle-no wpr-jarallax-no wpr-parallax-no wpr-sticky-section-no wpr-equal-height-no e-con e-parent\" data-id=\"16dedb0\" data-element_type=\"container\" data-e-type=\"container\" data-settings=\"{&quot;background_background&quot;:&quot;classic&quot;}\">\n\t\t<div class=\"elementor-element elementor-element-e9d20f9 e-flex e-con-boxed wpr-particle-no wpr-jarallax-no wpr-parallax-no wpr-sticky-section-no wpr-equal-height-no elementor-invisible e-con e-child\" data-id=\"e9d20f9\" data-element_type=\"container\" data-e-type=\"container\" data-settings=\"{&quot;background_background&quot;:&quot;classic&quot;,&quot;animation&quot;:&quot;fadeIn&quot;}\">\n\t\t\t\t\t<div class=\"e-con-inner\">\n\t\t\t\t<div class=\"elementor-element elementor-element-b3e08db elementor-widget elementor-widget-heading\" data-id=\"b3e08db\" data-element_type=\"widget\" data-e-type=\"widget\" data-widget_type=\"heading.default\">\n\t\t\t\t<div class=\"elementor-widget-container\">\n\t\t\t\t\t<h1 class=\"elementor-heading-title elementor-size-default\">Prise de contact<\/h1>\t\t\t\t<\/div>\n\t\t\t\t<\/div>\n\t\t\t\t<div class=\"elementor-element elementor-element-c3d7e3d elementor-invisible elementor-widget elementor-widget-heading\" data-id=\"c3d7e3d\" data-element_type=\"widget\" data-e-type=\"widget\" data-settings=\"{&quot;_animation&quot;:&quot;fadeInDown&quot;}\" data-widget_type=\"heading.default\">\n\t\t\t\t<div class=\"elementor-widget-container\">\n\t\t\t\t\t<h2 class=\"elementor-heading-title elementor-size-default\">Une simple prise de contact peut transformer ton avenir acad\u00e9mique. Discutons de ton projet d\u2019\u00e9tudes, de bourses ou d\u2019accompagnement strat\u00e9gique.<\/h2>\t\t\t\t<\/div>\n\t\t\t\t<\/div>\n\t\t\t\t<div class=\"elementor-element elementor-element-1698f3f elementor-invisible elementor-widget elementor-widget-wpr-breadcrumbs-pro\" data-id=\"1698f3f\" data-element_type=\"widget\" data-e-type=\"widget\" data-settings=\"{&quot;_animation&quot;:&quot;fadeInUp&quot;}\" data-widget_type=\"wpr-breadcrumbs-pro.default\">\n\t\t\t\t<div class=\"elementor-widget-container\">\n\t\t\t\t\t<div class=\"wpr-post-breadcrumbs\"><ul class=\"wpr-breadcrumbs\"><li><a href=\"https:\/\/haminehappy.fr\">Home<\/a><\/li><li>\/<\/li><\/ul><\/div>\t\t\t\t<\/div>\n\t\t\t\t<\/div>\n\t\t\t\t\t<\/div>\n\t\t\t\t<\/div>\n\t\t\t\t<\/div>\n\t\t<div class=\"elementor-element elementor-element-6fe9254 e-con-full e-flex wpr-particle-no wpr-jarallax-no wpr-parallax-no wpr-sticky-section-no wpr-equal-height-no e-con e-parent\" data-id=\"6fe9254\" data-element_type=\"container\" data-e-type=\"container\">\n\t\t<div class=\"elementor-element elementor-element-029709d e-con-full e-flex wpr-particle-no wpr-jarallax-no wpr-parallax-no wpr-sticky-section-no wpr-equal-height-no e-con e-child\" data-id=\"029709d\" data-element_type=\"container\" data-e-type=\"container\">\n\t\t\t\t<div class=\"elementor-element elementor-element-709b3d5 elementor-widget elementor-widget-image\" data-id=\"709b3d5\" data-element_type=\"widget\" data-e-type=\"widget\" data-widget_type=\"image.default\">\n\t\t\t\t<div class=\"elementor-widget-container\">\n\t\t\t\t\t\t\t\t\t\t\t\t\t\t\t<img fetchpriority=\"high\" decoding=\"async\" width=\"1024\" height=\"1024\" src=\"https:\/\/haminehappy.fr\/wp-content\/uploads\/2025\/11\/ChatGPT-Image-Nov-3-2025-11_11_32-AM.png\" class=\"attachment-large size-large wp-image-3074\" alt=\"\" srcset=\"https:\/\/haminehappy.fr\/wp-content\/uploads\/2025\/11\/ChatGPT-Image-Nov-3-2025-11_11_32-AM.png 1024w, https:\/\/haminehappy.fr\/wp-content\/uploads\/2025\/11\/ChatGPT-Image-Nov-3-2025-11_11_32-AM-300x300.png 300w, https:\/\/haminehappy.fr\/wp-content\/uploads\/2025\/11\/ChatGPT-Image-Nov-3-2025-11_11_32-AM-150x150.png 150w, https:\/\/haminehappy.fr\/wp-content\/uploads\/2025\/11\/ChatGPT-Image-Nov-3-2025-11_11_32-AM-768x768.png 768w\" sizes=\"(max-width: 1024px) 100vw, 1024px\" \/>\t\t\t\t\t\t\t\t\t\t\t\t\t\t\t<\/div>\n\t\t\t\t<\/div>\n\t\t\t\t<div class=\"elementor-element elementor-element-f1101bc elementor-widget elementor-widget-html\" data-id=\"f1101bc\" data-element_type=\"widget\" data-e-type=\"widget\" data-widget_type=\"html.default\">\n\t\t\t\t<div class=\"elementor-widget-container\">\n\t\t\t\t\t\r\n      \r\n      <a href=\"https:\/\/wa.me\/22644892222\" target=\"_blank\" class=\"btn-whatsapp\">\r\n        <i class=\"fa-brands fa-whatsapp\"><\/i> Discuter sur WhatsApp\r\n      <\/a>\r\n  \t\t\t\t<\/div>\n\t\t\t\t<\/div>\n\t\t\t\t<div class=\"elementor-element elementor-element-56b6f1a elementor-widget elementor-widget-html\" data-id=\"56b6f1a\" data-element_type=\"widget\" data-e-type=\"widget\" data-widget_type=\"html.default\">\n\t\t\t\t<div class=\"elementor-widget-container\">\n\t\t\t\t\t<div class=\"hh-contact-box\">\r\n\r\n  <div class=\"hh-contact-item\">\r\n    <i class=\"fas fa-phone-alt\"><\/i>\r\n    <div>\r\n      <strong>T\u00e9l\u00e9phone<\/strong><br>\r\n      <a href=\"tel:+22644892222\">+226 44 89 22 22<\/a> \/\r\n      <a href=\"tel:+22653950707\">53 95 07 07<\/a>\r\n    <\/div>\r\n  <\/div>\r\n\r\n  <div class=\"hh-contact-item\">\r\n    <i class=\"fas fa-envelope\"><\/i>\r\n    <div>\r\n      <strong>Email<\/strong><br>\r\n      <a href=\"mailto:contact@haminehappy.fr\">contact@haminehappy.fr<\/a>\r\n    <\/div>\r\n  <\/div>\r\n\r\n  <div class=\"hh-contact-item\">\r\n    <i class=\"fas fa-map-marker-alt\"><\/i>\r\n    <div>\r\n      <strong>Localisation<\/strong><br>\r\n      Ouagadougou (Burkina Faso)<br>\r\n      Secteur Secteur 18, Somgand\u00e9\r\n    <\/div>\r\n  <\/div>\r\n\r\n  <div class=\"hh-social-section\">\r\n    <strong>Nos r\u00e9seaux sociaux<\/strong>\r\n\r\n    <div class=\"hh-social-buttons\">\r\n\r\n      <a href=\"https:\/\/linktr.ee\/hamine_happy\" target=\"_blank\" class=\"hh-social linktree\">\r\n        <i class=\"fas fa-link\"><\/i> Tous nos r\u00e9seaux\r\n      <\/a>\r\n\r\n      <a href=\"https:\/\/wa.me\/22653950707\" target=\"_blank\" class=\"hh-social whatsapp\">\r\n        <i class=\"fab fa-whatsapp\"><\/i> WhatsApp\r\n      <\/a>\r\n\r\n      <a href=\"mailto:contact@haminehappy.fr\" class=\"hh-social email\">\r\n        <i class=\"fas fa-envelope\"><\/i> Email\r\n      <\/a>\r\n\r\n    <\/div>\r\n\r\n  <\/div>\r\n\r\n<\/div>\r\n\r\n\r\n<style>\r\n\r\n.hh-contact-box{\r\nbackground:#fff;\r\npadding:25px;\r\nmargin-top:25px;\r\nborder-radius:12px;\r\nbox-shadow:0 10px 25px rgba(0,0,0,0.05);\r\nfont-family:inherit;\r\n}\r\n\r\n.hh-contact-item{\r\ndisplay:flex;\r\ngap:12px;\r\nmargin-bottom:18px;\r\nfont-size:15px;\r\ncolor:#333;\r\n}\r\n\r\n.hh-contact-item i{\r\ncolor:#e30613;\r\nfont-size:18px;\r\nmargin-top:3px;\r\n}\r\n\r\n.hh-contact-item strong{\r\ncolor:#0b1e44;\r\n}\r\n\r\n.hh-contact-item a{\r\ncolor:#e30613;\r\ntext-decoration:none;\r\nfont-weight:500;\r\n}\r\n\r\n.hh-contact-item a:hover{\r\ntext-decoration:underline;\r\n}\r\n\r\n\/* R\u00e9seaux sociaux *\/\r\n\r\n.hh-social-section{\r\nmargin-top:15px;\r\n}\r\n\r\n.hh-social-section strong{\r\ndisplay:block;\r\nmargin-bottom:10px;\r\ncolor:#0b1e44;\r\n}\r\n\r\n.hh-social-buttons{\r\ndisplay:flex;\r\nflex-wrap:wrap;\r\ngap:10px;\r\n}\r\n\r\n.hh-social{\r\npadding:8px 14px;\r\nborder-radius:6px;\r\nfont-size:14px;\r\ntext-decoration:none;\r\ncolor:white;\r\ndisplay:inline-flex;\r\nalign-items:center;\r\ngap:6px;\r\nfont-weight:500;\r\n}\r\n\r\n.hh-social.whatsapp{\r\nbackground:#25D366;\r\n}\r\n\r\n.hh-social.email{\r\nbackground:#e30613;\r\n}\r\n\r\n.hh-social.linktree{\r\nbackground:#0b1e44;\r\n}\r\n\r\n.hh-social:hover{\r\nopacity:0.9;\r\n}\r\n\r\n<\/style>\t\t\t\t<\/div>\n\t\t\t\t<\/div>\n\t\t\t\t<div class=\"elementor-element elementor-element-0f99bc3 elementor-widget elementor-widget-html\" data-id=\"0f99bc3\" data-element_type=\"widget\" data-e-type=\"widget\" data-widget_type=\"html.default\">\n\t\t\t\t<div class=\"elementor-widget-container\">\n\t\t\t\t\t\r\n\r\n<style>\r\n\r\n\/* RESET CONTENEUR WORDPRESS *\/\r\n.contact-hero{\r\n  width:100vw;\r\n  margin-left:calc(50% - 50vw);\r\n  background:\r\n    linear-gradient(rgba(0,0,0,.55), rgba(0,13,40,.85)),\r\n    url('https:\/\/haminehappy.fr\/wp-content\/uploads\/2026\/01\/ChatGPT-Image-23-janv.-2026-11_23_31.png');\r\n  background-size:cover;\r\n  background-position:center;\r\n  padding:100px 0;\r\n  color:#fff;\r\n}\r\n\r\n.contact-container{\r\n  max-width:1200px;\r\n  margin:auto;\r\n  padding:0 20px;\r\n  display:grid;\r\n  grid-template-columns:1.1fr .9fr;\r\n  gap:60px;\r\n  align-items:center;\r\n  \r\n}\r\n\r\n.contact-kicker{\r\n    \r\n  text-transform:uppercase;\r\n  letter-spacing:.2em;\r\n  font-size:.75rem;\r\n  color:#d1d5db;\r\n}\r\n\r\n.contact-left h1{\r\n  font-size:clamp(2.2rem,4vw,3rem);\r\n  margin:12px 0;\r\n}\r\n\r\n.contact-left p{\r\n  font-size:1.05rem;\r\n  line-height:1.8;\r\n  color:rgba(255,255,255,.9);\r\n}\r\n\r\n.contact-infos{\r\n  margin:30px 0;\r\n  display:grid;\r\n  gap:14px;\r\n  font-size:.95rem;\r\n}\r\n\r\n.btn-whatsapp{\r\n  display:inline-block;\r\n  margin-top:10px;\r\n  background:#25D366;\r\n  color:#fff;\r\n  padding:14px 26px;\r\n  border-radius:40px;\r\n  font-weight:600;\r\n  text-decoration:none;\r\n}\r\n\r\n.contact-right{\r\n  background:rgba(255,255,255,.1);\r\n  backdrop-filter:blur(12px);\r\n  border-radius:20px;\r\n  padding:30px;\r\n  border:1px solid rgba(255,255,255,.25);\r\n}\r\n\r\n\/* RESPONSIVE *\/\r\n@media(max-width:900px){\r\n  .contact-container{\r\n    grid-template-columns:1fr;\r\n  }\r\n}\r\n\r\n\r\n\/* FORM CARD *\/\r\n.surface.contact-form-card{\r\n  background:rgba(255,255,255,.08);\r\n  backdrop-filter:blur(14px);\r\n  border-radius:20px;\r\n  padding:32px;\r\n  border:1px solid rgba(255,255,255,.2);\r\n}\r\n\r\n\/* TITRES *\/\r\n.contact-subtitle{\r\n  font-size:1.4rem;\r\n  margin-bottom:8px;\r\n}\r\n\r\n.contact-text{\r\n  font-size:.95rem;\r\n  color:rgba(255,255,255,.8);\r\n  margin-bottom:22px;\r\n}\r\n\r\n\r\n\r\n\r\n\r\n\r\n\r\n\r\n<\/style>\r\n\t\t\t\t<\/div>\n\t\t\t\t<\/div>\n\t\t\t\t<\/div>\n\t\t<div class=\"elementor-element elementor-element-96b3260 e-con-full e-flex wpr-particle-no wpr-jarallax-no wpr-parallax-no wpr-sticky-section-no wpr-equal-height-no e-con e-child\" data-id=\"96b3260\" data-element_type=\"container\" data-e-type=\"container\">\n\t\t\t\t<div class=\"elementor-element elementor-element-90a5e72 elementor-widget elementor-widget-html\" data-id=\"90a5e72\" data-element_type=\"widget\" data-e-type=\"widget\" data-widget_type=\"html.default\">\n\t\t\t\t<div class=\"elementor-widget-container\">\n\t\t\t\t\t <div class=\"contact-right\">\r\n  <div class=\"surface contact-form-card\">\r\n    <h3 class=\"contact-subtitle\" style=\"color:white\">Envoyer un message<\/h3>\r\n    <p class=\"contact-text\">\r\n      Remplissez ce formulaire et l\u2019\u00e9quipe vous r\u00e9pondra dans les meilleurs d\u00e9lais.\r\n    <\/p>\r\n\n<div class=\"wpcf7 no-js\" id=\"wpcf7-f3937-o1\" lang=\"fr-FR\" dir=\"ltr\" data-wpcf7-id=\"3937\">\n<div class=\"screen-reader-response\"><p role=\"status\" aria-live=\"polite\" aria-atomic=\"true\"><\/p> <ul><\/ul><\/div>\n<form action=\"\/index.php\/wp-json\/wp\/v2\/pages\/3344#wpcf7-f3937-o1\" method=\"post\" class=\"wpcf7-form init\" aria-label=\"Formulaire de contact\" novalidate=\"novalidate\" data-status=\"init\">\n<fieldset class=\"hidden-fields-container\"><input type=\"hidden\" name=\"_wpcf7\" value=\"3937\" \/><input type=\"hidden\" name=\"_wpcf7_version\" value=\"6.1.5\" \/><input type=\"hidden\" name=\"_wpcf7_locale\" value=\"fr_FR\" \/><input type=\"hidden\" name=\"_wpcf7_unit_tag\" value=\"wpcf7-f3937-o1\" \/><input type=\"hidden\" name=\"_wpcf7_container_post\" value=\"0\" \/><input type=\"hidden\" name=\"_wpcf7_posted_data_hash\" value=\"\" \/>\n<\/fieldset>\n<div class=\"contact-form\">\n\t<div class=\"contact-form-header\">\n\t\t<h2 class=\"contact-panel-title\" style=\"margin-top:-120px\">Envoyer un message\n\t\t<\/h2>\n\t\t<p class=\"contact-panel-text\"><br \/>\nRemplis ce formulaire avec un maximum de d\u00e9tails sur ton projet, ton profil et tes besoins.\n\t\t<\/p>\n\t<\/div>\n\t<div class=\"form-row\">\n\t\t<div class=\"form-field\">\n\t\t\t<p><label>Nom complet<\/label><br \/>\n<span class=\"wpcf7-form-control-wrap\" data-name=\"name\"><input size=\"40\" maxlength=\"400\" class=\"wpcf7-form-control wpcf7-text wpcf7-validates-as-required\" aria-required=\"true\" aria-invalid=\"false\" placeholder=\"Ton nom et pr\u00e9nom\" value=\"\" type=\"text\" name=\"name\" \/><\/span>\n\t\t\t<\/p>\n\t\t<\/div>\n\t\t<div class=\"form-field\">\n\t\t\t<p><label>Email<\/label><br \/>\n<span class=\"wpcf7-form-control-wrap\" data-name=\"email\"><input size=\"40\" maxlength=\"400\" class=\"wpcf7-form-control wpcf7-email wpcf7-validates-as-required wpcf7-text wpcf7-validates-as-email\" aria-required=\"true\" aria-invalid=\"false\" placeholder=\"Ton adresse email\" value=\"\" type=\"email\" name=\"email\" \/><\/span>\n\t\t\t<\/p>\n\t\t<\/div>\n\t<\/div>\n\t<div class=\"form-row\">\n\t\t<div class=\"form-field\">\n\t\t\t<p><label>T\u00e9l\u00e9phone<\/label><br \/>\n<span class=\"wpcf7-form-control-wrap\" data-name=\"phone\"><input size=\"40\" maxlength=\"400\" class=\"wpcf7-form-control wpcf7-tel wpcf7-text wpcf7-validates-as-tel\" aria-invalid=\"false\" placeholder=\"+226 \/ +33 ...\" value=\"\" type=\"tel\" name=\"phone\" \/><\/span>\n\t\t\t<\/p>\n\t\t<\/div>\n\t\t<div class=\"form-field\">\n\t\t\t<p><label>Objet<\/label><br \/>\n<span class=\"wpcf7-form-control-wrap\" data-name=\"subject\"><input size=\"40\" maxlength=\"400\" class=\"wpcf7-form-control wpcf7-text\" aria-invalid=\"false\" placeholder=\"Ex. \u00c9tudes en France, bourses, consulting...\" value=\"\" type=\"text\" name=\"subject\" \/><\/span>\n\t\t\t<\/p>\n\t\t<\/div>\n\t<\/div>\n\t<div class=\"form-field\">\n\t\t<p><label>Type de demande<\/label><br \/>\n<span class=\"wpcf7-form-control-wrap\" data-name=\"type\"><select class=\"wpcf7-form-control wpcf7-select\" aria-invalid=\"false\" name=\"type\"><option value=\"\">&#8212;Veuillez choisir une option&#8212;<\/option><option value=\"\u00c9tudes \u00e0 l\u2019\u00e9tranger\">\u00c9tudes \u00e0 l\u2019\u00e9tranger<\/option><option value=\"Bourses &amp; opportunit\u00e9s\">Bourses &amp; opportunit\u00e9s<\/option><option value=\"Consultation personnalis\u00e9e\">Consultation personnalis\u00e9e<\/option><option value=\"Institution \/ ONG \/ Entreprise\">Institution \/ ONG \/ Entreprise<\/option><option value=\"Autre demande\">Autre demande<\/option><\/select><\/span>\n\t\t<\/p>\n\t<\/div>\n\t<div class=\"form-field\">\n\t\t<p><label>Message<\/label><br \/>\n<span class=\"wpcf7-form-control-wrap\" data-name=\"message\"><textarea cols=\"40\" rows=\"5\" maxlength=\"2000\" class=\"wpcf7-form-control wpcf7-textarea\" aria-invalid=\"false\" placeholder=\"Pr\u00e9sente ton projet, ton pays de destination souhait\u00e9, ton niveau d\u2019\u00e9tudes, et ce que tu attends de l\u2019accompagnement.\" name=\"message\"><\/textarea><\/span>\n\t\t<\/p>\n\t<\/div>\n\t<p><button type=\"submit\" class=\"btn\"><br \/>\nEnvoyer le message<br \/>\n<\/button>\n\t<\/p>\n<\/div><p style=\"display: none !important;\" class=\"akismet-fields-container\" data-prefix=\"_wpcf7_ak_\"><label>&#916;<textarea name=\"_wpcf7_ak_hp_textarea\" cols=\"45\" rows=\"8\" maxlength=\"100\"><\/textarea><\/label><input type=\"hidden\" id=\"ak_js_1\" name=\"_wpcf7_ak_js\" value=\"121\"\/><script>\ndocument.getElementById( \"ak_js_1\" ).setAttribute( \"value\", ( new Date() ).getTime() );\n<\/script>\n<\/p><div class=\"wpcf7-response-output\" aria-hidden=\"true\"><\/div>\n<\/form>\n<\/div>\n\r\n  <\/div>\r\n<\/div>\t\t\t\t<\/div>\n\t\t\t\t<\/div>\n\t\t\t\t<\/div>\n\t\t\t\t<\/div>\n\t\t<div class=\"elementor-element elementor-element-df5f62f e-con-full e-flex wpr-particle-no wpr-jarallax-no wpr-parallax-no wpr-sticky-section-no wpr-equal-height-no e-con e-parent\" data-id=\"df5f62f\" data-element_type=\"container\" data-e-type=\"container\">\n\t\t\t\t<div class=\"elementor-element elementor-element-d441134 elementor-widget elementor-widget-google_maps\" data-id=\"d441134\" data-element_type=\"widget\" data-e-type=\"widget\" data-widget_type=\"google_maps.default\">\n\t\t\t\t<div class=\"elementor-widget-container\">\n\t\t\t\t\t\t\t<div class=\"elementor-custom-embed\">\n\t\t\t<iframe loading=\"lazy\"\n\t\t\t\t\tsrc=\"https:\/\/maps.google.com\/maps?q=Hamine%20Happy%20Consulting%2C%209FVQ%2BVR3%2C%20Somgand%C3%A9%2C%20Ouagadougou%20%2F%20&#038;t=m&#038;z=10&#038;output=embed&#038;iwloc=near\"\n\t\t\t\t\ttitle=\"Hamine Happy Consulting, 9FVQ+VR3, Somgand\u00e9, Ouagadougou \/ \"\n\t\t\t\t\taria-label=\"Hamine Happy Consulting, 9FVQ+VR3, Somgand\u00e9, Ouagadougou \/ \"\n\t\t\t><\/iframe>\n\t\t<\/div>\n\t\t\t\t\t\t<\/div>\n\t\t\t\t<\/div>\n\t\t\t\t<\/div>\n\t\t<div class=\"elementor-element elementor-element-4a72d2850 e-con-full e-flex wpr-particle-no wpr-jarallax-no wpr-parallax-no wpr-sticky-section-no wpr-equal-height-no e-con e-parent\" data-id=\"4a72d2850\" data-element_type=\"container\" data-e-type=\"container\">\n\t\t\t\t<\/div>\n\t\t\t\t<\/div>\n\t\t","protected":false},"excerpt":{"rendered":"<p>Prise de contact Une simple prise de contact peut transformer ton avenir acad\u00e9mique. Discutons de ton projet d\u2019\u00e9tudes, de bourses ou d\u2019accompagnement strat\u00e9gique. Home \/ Discuter sur WhatsApp T\u00e9l\u00e9phone +226 44 89 22 22 \/ 53 95 07 07 Email contact@haminehappy.fr Localisation Ouagadougou (Burkina Faso) Secteur Secteur 18, Somgand\u00e9 Nos r\u00e9seaux sociaux Tous nos r\u00e9seaux WhatsApp Email Envoyer un message Remplissez ce formulaire et l\u2019\u00e9quipe vous r\u00e9pondra dans les meilleurs d\u00e9lais.<\/p>\n","protected":false},"author":2,"featured_media":0,"parent":0,"menu_order":0,"comment_status":"closed","ping_status":"closed","template":"","meta":{"om_disable_all_campaigns":false,"_kad_post_transparent":"","_kad_post_title":"hide","_kad_post_layout":"fullwidth","_kad_post_sidebar_id":"","_kad_post_content_style":"unboxed","_kad_post_vertical_padding":"hide","_kad_post_feature":"hide","_kad_post_feature_position":"","_kad_post_header":false,"_kad_post_footer":false,"_kad_post_classname":"","footnotes":""},"class_list":["post-3344","page","type-page","status-publish","hentry"],"aioseo_notices":[],"acf":[],"_links":{"self":[{"href":"https:\/\/haminehappy.fr\/index.php\/wp-json\/wp\/v2\/pages\/3344","targetHints":{"allow":["GET"]}}],"collection":[{"href":"https:\/\/haminehappy.fr\/index.php\/wp-json\/wp\/v2\/pages"}],"about":[{"href":"https:\/\/haminehappy.fr\/index.php\/wp-json\/wp\/v2\/types\/page"}],"author":[{"embeddable":true,"href":"https:\/\/haminehappy.fr\/index.php\/wp-json\/wp\/v2\/users\/2"}],"replies":[{"embeddable":true,"href":"https:\/\/haminehappy.fr\/index.php\/wp-json\/wp\/v2\/comments?post=3344"}],"version-history":[{"count":0,"href":"https:\/\/haminehappy.fr\/index.php\/wp-json\/wp\/v2\/pages\/3344\/revisions"}],"wp:attachment":[{"href":"https:\/\/haminehappy.fr\/index.php\/wp-json\/wp\/v2\/media?parent=3344"}],"curies":[{"name":"wp","href":"https:\/\/api.w.org\/{rel}","templated":true}]}}